{"id":4652,"date":"2025-01-01T14:09:16","date_gmt":"2025-01-01T14:09:16","guid":{"rendered":"https:\/\/termotubo.pt\/?page_id=4652"},"modified":"2025-07-01T09:54:28","modified_gmt":"2025-07-01T09:54:28","slug":"blog","status":"publish","type":"page","link":"https:\/\/termotubo.pt\/en\/blog\/","title":{"rendered":"Blog"},"content":{"rendered":"<div class=\"fusion-fullwidth fullwidth-box fusion-builder-row-1 fusion-flex-container has-pattern-background has-mask-background nonhundred-percent-fullwidth non-hundred-percent-height-scrolling\" style=\"--awb-border-radius-top-left:0px;--awb-border-radius-top-right:0px;--awb-border-radius-bottom-right:0px;--awb-border-radius-bottom-left:0px;--awb-flex-wrap:wrap;\" ><div class=\"fusion-builder-row fusion-row fusion-flex-align-items-flex-start fusion-flex-content-wrap\" style=\"max-width:1331.2px;margin-left: calc(-4% \/ 2 );margin-right: calc(-4% \/ 2 );\"><div class=\"fusion-layout-column fusion_builder_column fusion-builder-column-0 fusion_builder_column_1_1 1_1 fusion-flex-column\" style=\"--awb-bg-size:cover;--awb-width-large:100%;--awb-margin-top-large:16px;--awb-spacing-right-large:1.92%;--awb-margin-bottom-large:16px;--awb-spacing-left-large:1.92%;--awb-width-medium:100%;--awb-order-medium:0;--awb-spacing-right-medium:1.92%;--awb-spacing-left-medium:1.92%;--awb-width-small:100%;--awb-order-small:0;--awb-spacing-right-small:1.92%;--awb-spacing-left-small:1.92%;\"><div class=\"fusion-column-wrapper fusion-column-has-shadow fusion-flex-justify-content-flex-start fusion-content-layout-column\"><div class=\"fusion-post-cards fusion-post-cards-1 fusion-grid-archive fusion-grid-columns-4\" style=\"--awb-dots-align:center;--awb-active-filter-border-size:3px;--awb-filters-height:36px;\"><ul class=\"fusion-grid fusion-grid-4 fusion-flex-align-items-flex-start fusion-grid-posts-cards\"><li class=\"fusion-layout-column fusion_builder_column fusion-builder-column-1 fusion-flex-column post-card fusion-grid-column fusion-post-cards-grid-column\" style=\"--awb-overflow:hidden;--awb-bg-color:var(--awb-color1);--awb-bg-color-hover:var(--awb-color1);--awb-bg-size:cover;--awb-box-shadow:0px 32px 52px -24px hsla(var(--awb-color8-h),var(--awb-color8-s),var(--awb-color8-l),calc(var(--awb-color8-a) - 92%));;--awb-border-radius:16px 16px 16px 16px;\" data-scroll-devices=\"small-visibility,medium-visibility,large-visibility\"><div class=\"fusion-column-wrapper fusion-column-has-shadow fusion-flex-justify-content-flex-start fusion-content-layout-column\"><div class=\"fusion-classic-product-image-wrapper fusion-woo-product-image fusion-post-card-image fusion-post-card-image-1 has-aspect-ratio\" data-layout=\"static\" style=\"--awb-margin-top:0px;--awb-margin-right:0px;--awb-margin-bottom:30px;--awb-margin-left:0px;--awb-border-radius-top-left:5px;--awb-border-radius-top-right:5px;--awb-border-radius-bottom-right:0px;--awb-border-radius-bottom-left:0px;--awb-aspect-ratio:1.5873015873016;\"><div  class=\"fusion-image-wrapper\" aria-haspopup=\"true\">\n\t\t\t\t\t\t\t<a href=\"https:\/\/termotubo.pt\/en\/5-sinais-de-que-precisa-de-manutencao-urgente-nas-suas-tubagens\/\" aria-label=\"5 Sinais de que precisa de manuten\u00e7\u00e3o urgente nas suas tubagens\">\n\t\t\t\t\t\t\t<img decoding=\"async\" width=\"2560\" height=\"1707\" src=\"https:\/\/termotubo.pt\/wp-content\/uploads\/2025\/05\/HUG07019-scaled.jpg\" class=\"attachment-full size-full lazyload wp-post-image\" alt=\"\" srcset=\"data:image\/svg+xml,%3Csvg%20xmlns%3D%27http%3A%2F%2Fwww.w3.org%2F2000%2Fsvg%27%20width%3D%272560%27%20height%3D%271707%27%20viewBox%3D%270%200%202560%201707%27%3E%3Crect%20width%3D%272560%27%20height%3D%271707%27%20fill-opacity%3D%220%22%2F%3E%3C%2Fsvg%3E\" data-orig-src=\"https:\/\/termotubo.pt\/wp-content\/uploads\/2025\/05\/HUG07019-scaled.jpg\" data-srcset=\"https:\/\/termotubo.pt\/wp-content\/uploads\/2025\/05\/HUG07019-200x133.jpg 200w, https:\/\/termotubo.pt\/wp-content\/uploads\/2025\/05\/HUG07019-400x267.jpg 400w, https:\/\/termotubo.pt\/wp-content\/uploads\/2025\/05\/HUG07019-600x400.jpg 600w, https:\/\/termotubo.pt\/wp-content\/uploads\/2025\/05\/HUG07019-800x533.jpg 800w, https:\/\/termotubo.pt\/wp-content\/uploads\/2025\/05\/HUG07019-1200x800.jpg 1200w, https:\/\/termotubo.pt\/wp-content\/uploads\/2025\/05\/HUG07019-scaled.jpg 2560w\" data-sizes=\"auto\" \/>\t\t\t<\/a>\n\t\t\t\t\t\t\t<\/div>\n<\/div><div class=\"fusion-title title fusion-title-1 fusion-sep-none fusion-title-center fusion-title-text fusion-title-size-div\" style=\"--awb-text-color:var(--awb-color5);--awb-margin-top:0px;--awb-margin-right:30px;--awb-margin-bottom:0px;--awb-margin-left:30px;--awb-link-hover-color:hsla(var(--awb-color5-h),var(--awb-color5-s),calc(var(--awb-color5-l) - 15%),var(--awb-color5-a));--awb-font-size:14px;\"><div class=\"fusion-title-heading title-heading-center title-heading-tag fusion-responsive-typography-calculated\" style=\"font-family:var(--awb-typography2-font-family);font-weight:var(--awb-typography2-font-weight);font-style:var(--awb-typography2-font-style);margin:0;font-size:1em;letter-spacing:var(--awb-typography2-letter-spacing);text-transform:var(--awb-typography2-text-transform);--fontSize:14;--minFontSize:14;line-height:1.36;\"><a href=\"https:\/\/termotubo.pt\/en\/5-sinais-de-que-precisa-de-manutencao-urgente-nas-suas-tubagens\/\" class=\"awb-custom-text-color awb-custom-text-hover-color\" target=\"_self\"><a href=\"https:\/\/termotubo.pt\/en\/category\/sem-categoria\/\" title=\"Sem categoria\">Sem categoria<\/a><\/a><\/div><\/div><div class=\"fusion-title title fusion-title-2 fusion-sep-none fusion-title-center fusion-title-text fusion-title-size-four\" style=\"--awb-text-color:var(--awb-color8);--awb-margin-top:20px;--awb-margin-right:30px;--awb-margin-bottom:10px;--awb-margin-left:30px;--awb-margin-top-small:4px;--awb-margin-bottom-small:16px;--awb-link-color:var(--awb-color8);--awb-link-hover-color:hsla(var(--awb-color5-h),var(--awb-color5-s),calc(var(--awb-color5-l) - 15%),var(--awb-color5-a));--awb-font-size:20px;\"><h4 class=\"fusion-title-heading title-heading-center fusion-responsive-typography-calculated\" style=\"margin:0;font-size:1em;--fontSize:20;--minFontSize:20;line-height:1.32;\"><a href=\"https:\/\/termotubo.pt\/en\/5-sinais-de-que-precisa-de-manutencao-urgente-nas-suas-tubagens\/\" class=\"awb-custom-text-color awb-custom-text-hover-color\" target=\"_self\">5 Sinais de que precisa de manuten\u00e7\u00e3o urgente nas suas tubagens<\/a><\/h4><\/div><div class=\"fusion-separator fusion-full-width-sep\" style=\"align-self: center;margin-left: auto;margin-right: auto;flex-grow:1;width:100%;\"><\/div><div class=\"fusion-builder-row fusion-builder-row-inner fusion-row fusion-flex-align-items-flex-start fusion-flex-content-wrap\" style=\"width:104% !important;max-width:104% !important;margin-left: calc(-4% \/ 2 );margin-right: calc(-4% \/ 2 );\"><div class=\"fusion-layout-column fusion_builder_column_inner fusion-builder-nested-column-0 fusion_builder_column_inner_1_1 1_1 fusion-flex-column\" style=\"--awb-padding-top:24px;--awb-padding-right:30px;--awb-padding-bottom:30px;--awb-padding-left:30px;--awb-padding-top-medium:24px;--awb-padding-right-medium:24px;--awb-padding-bottom-medium:24px;--awb-padding-left-medium:24px;--awb-padding-top-small:20px;--awb-padding-bottom-small:20px;--awb-overflow:hidden;--awb-bg-color:var(--awb-color1);--awb-bg-color-hover:var(--awb-color1);--awb-bg-size:cover;--awb-border-radius:0px 0px 5px 5px;--awb-width-large:100%;--awb-margin-top-large:0px;--awb-spacing-right-large:1.92%;--awb-margin-bottom-large:0px;--awb-spacing-left-large:1.92%;--awb-width-medium:100%;--awb-order-medium:0;--awb-spacing-right-medium:1.92%;--awb-spacing-left-medium:1.92%;--awb-width-small:100%;--awb-order-small:0;--awb-spacing-right-small:1.92%;--awb-spacing-left-small:1.92%;\" data-scroll-devices=\"small-visibility,medium-visibility,large-visibility\"><div class=\"fusion-column-wrapper fusion-column-has-shadow fusion-flex-justify-content-center fusion-content-layout-row\"><div class=\"fusion-text fusion-text-1 fusion-text-no-margin\" style=\"--awb-font-size:14px;--awb-line-height:30px;--awb-letter-spacing:var(--awb-typography2-letter-spacing);--awb-text-transform:var(--awb-typography2-text-transform);--awb-text-color:var(--awb-color8);--awb-margin-bottom:0px;--awb-text-font-family:var(--awb-typography2-font-family);--awb-text-font-weight:var(--awb-typography2-font-weight);--awb-text-font-style:var(--awb-typography2-font-style);\"><p>June 26, 2025<\/p>\n<\/div><\/div><\/div><\/div><\/div><\/li>\n<\/ul><\/div><\/div><\/div><\/div><\/div>\n","protected":false},"excerpt":{"rendered":"","protected":false},"author":1,"featured_media":4610,"parent":0,"menu_order":0,"comment_status":"closed","ping_status":"closed","template":"100-width.php","meta":{"inline_featured_image":false,"_monsterinsights_skip_tracking":false,"_monsterinsights_sitenote_active":false,"_monsterinsights_sitenote_note":"","_monsterinsights_sitenote_category":0,"footnotes":""},"class_list":["post-4652","page","type-page","status-publish","has-post-thumbnail","hentry"],"yoast_head":"<!-- This site is optimized with the Yoast SEO Premium plugin v25.3.1 (Yoast SEO v25.3.1) - https:\/\/yoast.com\/wordpress\/plugins\/seo\/ -->\n<title>Blog &#8211; Termotubo<\/title>\n<meta name=\"robots\" content=\"index, follow, max-snippet:-1, max-image-preview:large, max-video-preview:-1\" \/>\n<link rel=\"canonical\" href=\"https:\/\/termotubo.pt\/en\/blog\/\" \/>\n<meta property=\"og:locale\" content=\"en_US\" \/>\n<meta property=\"og:type\" content=\"article\" \/>\n<meta property=\"og:title\" content=\"Blog\" \/>\n<meta property=\"og:url\" content=\"https:\/\/termotubo.pt\/en\/blog\/\" \/>\n<meta property=\"og:site_name\" content=\"Termotubo\" \/>\n<meta property=\"article:publisher\" content=\"https:\/\/www.facebook.com\/termotubo\" \/>\n<meta property=\"article:modified_time\" content=\"2025-07-01T09:54:28+00:00\" \/>\n<meta property=\"og:image\" content=\"https:\/\/termotubo.pt\/wp-content\/uploads\/2025\/05\/blog-header.jpg\" \/>\n\t<meta property=\"og:image:width\" content=\"1900\" \/>\n\t<meta property=\"og:image:height\" content=\"462\" \/>\n\t<meta property=\"og:image:type\" content=\"image\/jpeg\" \/>\n<meta name=\"twitter:card\" content=\"summary_large_image\" \/>\n<script type=\"application\/ld+json\" class=\"yoast-schema-graph\">{\"@context\":\"https:\/\/schema.org\",\"@graph\":[{\"@type\":\"WebPage\",\"@id\":\"https:\/\/termotubo.pt\/en\/blog\/\",\"url\":\"https:\/\/termotubo.pt\/en\/blog\/\",\"name\":\"Blog &#8211; Termotubo\",\"isPartOf\":{\"@id\":\"https:\/\/termotubo.pt\/#website\"},\"primaryImageOfPage\":{\"@id\":\"https:\/\/termotubo.pt\/en\/blog\/#primaryimage\"},\"image\":{\"@id\":\"https:\/\/termotubo.pt\/en\/blog\/#primaryimage\"},\"thumbnailUrl\":\"https:\/\/termotubo.pt\/wp-content\/uploads\/2025\/05\/blog-header.jpg\",\"datePublished\":\"2025-01-01T14:09:16+00:00\",\"dateModified\":\"2025-07-01T09:54:28+00:00\",\"breadcrumb\":{\"@id\":\"https:\/\/termotubo.pt\/en\/blog\/#breadcrumb\"},\"inLanguage\":\"en-US\",\"potentialAction\":[{\"@type\":\"ReadAction\",\"target\":[\"https:\/\/termotubo.pt\/en\/blog\/\"]}]},{\"@type\":\"ImageObject\",\"inLanguage\":\"en-US\",\"@id\":\"https:\/\/termotubo.pt\/en\/blog\/#primaryimage\",\"url\":\"https:\/\/termotubo.pt\/wp-content\/uploads\/2025\/05\/blog-header.jpg\",\"contentUrl\":\"https:\/\/termotubo.pt\/wp-content\/uploads\/2025\/05\/blog-header.jpg\",\"width\":1900,\"height\":462},{\"@type\":\"BreadcrumbList\",\"@id\":\"https:\/\/termotubo.pt\/en\/blog\/#breadcrumb\",\"itemListElement\":[{\"@type\":\"ListItem\",\"position\":1,\"name\":\"In\u00edcio\",\"item\":\"https:\/\/termotubo.pt\/en\/\"},{\"@type\":\"ListItem\",\"position\":2,\"name\":\"Blog\"}]},{\"@type\":\"WebSite\",\"@id\":\"https:\/\/termotubo.pt\/#website\",\"url\":\"https:\/\/termotubo.pt\/\",\"name\":\"Termotubo\",\"description\":\"Especialistas em tubagem e montagens industriais\",\"publisher\":{\"@id\":\"https:\/\/termotubo.pt\/#organization\"},\"alternateName\":\"Termotubo\",\"potentialAction\":[{\"@type\":\"SearchAction\",\"target\":{\"@type\":\"EntryPoint\",\"urlTemplate\":\"https:\/\/termotubo.pt\/?s={search_term_string}\"},\"query-input\":{\"@type\":\"PropertyValueSpecification\",\"valueRequired\":true,\"valueName\":\"search_term_string\"}}],\"inLanguage\":\"en-US\"},{\"@type\":\"Organization\",\"@id\":\"https:\/\/termotubo.pt\/#organization\",\"name\":\"Termotubo\",\"alternateName\":\"Termotubo\",\"url\":\"https:\/\/termotubo.pt\/\",\"logo\":{\"@type\":\"ImageObject\",\"inLanguage\":\"en-US\",\"@id\":\"https:\/\/termotubo.pt\/#\/schema\/logo\/image\/\",\"url\":\"https:\/\/termotubo.pt\/wp-content\/uploads\/2024\/11\/logotipo-termotubo.png\",\"contentUrl\":\"https:\/\/termotubo.pt\/wp-content\/uploads\/2024\/11\/logotipo-termotubo.png\",\"width\":602,\"height\":174,\"caption\":\"Termotubo\"},\"image\":{\"@id\":\"https:\/\/termotubo.pt\/#\/schema\/logo\/image\/\"},\"sameAs\":[\"https:\/\/www.facebook.com\/termotubo\"],\"description\":\"Oferecemos instala\u00e7\u00e3o de tubagens, m\u00e1quinas industriais e estruturas met\u00e1licas. Servi\u00e7o 24h dispon\u00edvel.\",\"email\":\"geral@termotubo.pt\",\"telephone\":\"+351 252 021 076\",\"legalName\":\"TERMOTUBO UNIPESSOAL, LDA,\",\"foundingDate\":\"2018-06-05\",\"vatID\":\"514955660\",\"numberOfEmployees\":{\"@type\":\"QuantitativeValue\",\"minValue\":\"1\",\"maxValue\":\"10\"}}]}<\/script>\n<!-- \/ Yoast SEO Premium plugin. -->","yoast_head_json":{"title":"Blog &#8211; Termotubo","robots":{"index":"index","follow":"follow","max-snippet":"max-snippet:-1","max-image-preview":"max-image-preview:large","max-video-preview":"max-video-preview:-1"},"canonical":"https:\/\/termotubo.pt\/en\/blog\/","og_locale":"en_US","og_type":"article","og_title":"Blog","og_url":"https:\/\/termotubo.pt\/en\/blog\/","og_site_name":"Termotubo","article_publisher":"https:\/\/www.facebook.com\/termotubo","article_modified_time":"2025-07-01T09:54:28+00:00","og_image":[{"width":1900,"height":462,"url":"https:\/\/termotubo.pt\/wp-content\/uploads\/2025\/05\/blog-header.jpg","type":"image\/jpeg"}],"twitter_card":"summary_large_image","schema":{"@context":"https:\/\/schema.org","@graph":[{"@type":"WebPage","@id":"https:\/\/termotubo.pt\/en\/blog\/","url":"https:\/\/termotubo.pt\/en\/blog\/","name":"Blog &#8211; Termotubo","isPartOf":{"@id":"https:\/\/termotubo.pt\/#website"},"primaryImageOfPage":{"@id":"https:\/\/termotubo.pt\/en\/blog\/#primaryimage"},"image":{"@id":"https:\/\/termotubo.pt\/en\/blog\/#primaryimage"},"thumbnailUrl":"https:\/\/termotubo.pt\/wp-content\/uploads\/2025\/05\/blog-header.jpg","datePublished":"2025-01-01T14:09:16+00:00","dateModified":"2025-07-01T09:54:28+00:00","breadcrumb":{"@id":"https:\/\/termotubo.pt\/en\/blog\/#breadcrumb"},"inLanguage":"en-US","potentialAction":[{"@type":"ReadAction","target":["https:\/\/termotubo.pt\/en\/blog\/"]}]},{"@type":"ImageObject","inLanguage":"en-US","@id":"https:\/\/termotubo.pt\/en\/blog\/#primaryimage","url":"https:\/\/termotubo.pt\/wp-content\/uploads\/2025\/05\/blog-header.jpg","contentUrl":"https:\/\/termotubo.pt\/wp-content\/uploads\/2025\/05\/blog-header.jpg","width":1900,"height":462},{"@type":"BreadcrumbList","@id":"https:\/\/termotubo.pt\/en\/blog\/#breadcrumb","itemListElement":[{"@type":"ListItem","position":1,"name":"In\u00edcio","item":"https:\/\/termotubo.pt\/en\/"},{"@type":"ListItem","position":2,"name":"Blog"}]},{"@type":"WebSite","@id":"https:\/\/termotubo.pt\/#website","url":"https:\/\/termotubo.pt\/","name":"Termotubo","description":"Especialistas em tubagem e montagens industriais","publisher":{"@id":"https:\/\/termotubo.pt\/#organization"},"alternateName":"Termotubo","potentialAction":[{"@type":"SearchAction","target":{"@type":"EntryPoint","urlTemplate":"https:\/\/termotubo.pt\/?s={search_term_string}"},"query-input":{"@type":"PropertyValueSpecification","valueRequired":true,"valueName":"search_term_string"}}],"inLanguage":"en-US"},{"@type":"Organization","@id":"https:\/\/termotubo.pt\/#organization","name":"Termotubo","alternateName":"Termotubo","url":"https:\/\/termotubo.pt\/","logo":{"@type":"ImageObject","inLanguage":"en-US","@id":"https:\/\/termotubo.pt\/#\/schema\/logo\/image\/","url":"https:\/\/termotubo.pt\/wp-content\/uploads\/2024\/11\/logotipo-termotubo.png","contentUrl":"https:\/\/termotubo.pt\/wp-content\/uploads\/2024\/11\/logotipo-termotubo.png","width":602,"height":174,"caption":"Termotubo"},"image":{"@id":"https:\/\/termotubo.pt\/#\/schema\/logo\/image\/"},"sameAs":["https:\/\/www.facebook.com\/termotubo"],"description":"Oferecemos instala\u00e7\u00e3o de tubagens, m\u00e1quinas industriais e estruturas met\u00e1licas. Servi\u00e7o 24h dispon\u00edvel.","email":"geral@termotubo.pt","telephone":"+351 252 021 076","legalName":"TERMOTUBO UNIPESSOAL, LDA,","foundingDate":"2018-06-05","vatID":"514955660","numberOfEmployees":{"@type":"QuantitativeValue","minValue":"1","maxValue":"10"}}]}},"_links":{"self":[{"href":"https:\/\/termotubo.pt\/en\/wp-json\/wp\/v2\/pages\/4652","targetHints":{"allow":["GET"]}}],"collection":[{"href":"https:\/\/termotubo.pt\/en\/wp-json\/wp\/v2\/pages"}],"about":[{"href":"https:\/\/termotubo.pt\/en\/wp-json\/wp\/v2\/types\/page"}],"author":[{"embeddable":true,"href":"https:\/\/termotubo.pt\/en\/wp-json\/wp\/v2\/users\/1"}],"replies":[{"embeddable":true,"href":"https:\/\/termotubo.pt\/en\/wp-json\/wp\/v2\/comments?post=4652"}],"version-history":[{"count":1,"href":"https:\/\/termotubo.pt\/en\/wp-json\/wp\/v2\/pages\/4652\/revisions"}],"predecessor-version":[{"id":4653,"href":"https:\/\/termotubo.pt\/en\/wp-json\/wp\/v2\/pages\/4652\/revisions\/4653"}],"wp:featuredmedia":[{"embeddable":true,"href":"https:\/\/termotubo.pt\/en\/wp-json\/wp\/v2\/media\/4610"}],"wp:attachment":[{"href":"https:\/\/termotubo.pt\/en\/wp-json\/wp\/v2\/media?parent=4652"}],"curies":[{"name":"wp","href":"https:\/\/api.w.org\/{rel}","templated":true}]}}